{"id":19,"date":"2024-03-15T13:27:37","date_gmt":"2024-03-15T13:27:37","guid":{"rendered":"https:\/\/homeharmonic.se\/?page_id=19"},"modified":"2024-04-17T22:50:30","modified_gmt":"2024-04-17T20:50:30","slug":"home-harmonic","status":"publish","type":"page","link":"https:\/\/homeharmonic.se\/","title":{"rendered":"Home Harmonic"},"content":{"rendered":"<p><script type=\"text\/javascript\">jQuery(function() { _initLayerSlider( '#layerslider_1_1m7jgpm78fhtu', {createdWith: '7.9.11', sliderVersion: '7.9.11', type: 'fullwidth', marginTop: 0, marginBottom: 0, hideOnMobile: true, hideUnder: 721, skin: 'v6', useSrcset: true, skinsPath: 'https:\/\/homeharmonic.se\/wp-content\/plugins\/LayerSlider\/assets\/static\/layerslider\/skins\/', performanceMode: true}); });<\/script><link href=\"https:\/\/fonts.googleapis.com\/css?family=Caveat:100,100i,200,200i,300,300i,400,400i,500,500i,600,600i,700,700i,800,800i,900,900i\" rel=\"stylesheet\"><div id=\"layerslider_1_1m7jgpm78fhtu\"  class=\"ls-wp-container fitvidsignore ls-selectable\" style=\"width:1920px;height:1080px;margin:0 auto;\"><div class=\"ls-slide\" ><img loading=\"lazy\" decoding=\"async\" width=\"1280\" height=\"720\" src=\"https:\/\/homeharmonic.se\/wp-content\/uploads\/2024\/03\/ls-project-1-slide-1.jpg\" class=\"ls-tn\" alt=\"\" srcset=\"https:\/\/homeharmonic.se\/wp-content\/uploads\/2024\/03\/ls-project-1-slide-1.jpg 1280w, https:\/\/homeharmonic.se\/wp-content\/uploads\/2024\/03\/ls-project-1-slide-1-300x169.jpg 300w, https:\/\/homeharmonic.se\/wp-content\/uploads\/2024\/03\/ls-project-1-slide-1-1024x576.jpg 1024w, https:\/\/homeharmonic.se\/wp-content\/uploads\/2024\/03\/ls-project-1-slide-1-768x432.jpg 768w, https:\/\/homeharmonic.se\/wp-content\/uploads\/2024\/03\/ls-project-1-slide-1-600x338.jpg 600w\" sizes=\"(max-width: 1280px) 100vw, 1280px\" \/><img loading=\"lazy\" decoding=\"async\" width=\"1920\" height=\"1076\" src=\"https:\/\/homeharmonic.se\/wp-content\/uploads\/2024\/03\/HomeHarmonic_vase01_v01.jpg\" class=\"ls-l ls-img-layer\" alt=\"\" srcset=\"https:\/\/homeharmonic.se\/wp-content\/uploads\/2024\/03\/HomeHarmonic_vase01_v01.jpg 1920w, https:\/\/homeharmonic.se\/wp-content\/uploads\/2024\/03\/HomeHarmonic_vase01_v01-300x168.jpg 300w, https:\/\/homeharmonic.se\/wp-content\/uploads\/2024\/03\/HomeHarmonic_vase01_v01-1024x574.jpg 1024w, https:\/\/homeharmonic.se\/wp-content\/uploads\/2024\/03\/HomeHarmonic_vase01_v01-768x430.jpg 768w, https:\/\/homeharmonic.se\/wp-content\/uploads\/2024\/03\/HomeHarmonic_vase01_v01-1536x861.jpg 1536w, https:\/\/homeharmonic.se\/wp-content\/uploads\/2024\/03\/HomeHarmonic_vase01_v01-600x336.jpg 600w\" sizes=\"(max-width: 1920px) 100vw, 1920px\" style=\"\" data-ls=\"durationin:2000;scalexin:0;\"><ls-layer style=\"font-family:Caveat;top:272px;left:361px;\" class=\"ls-l ls-text-layer\" data-ls=\"offsetxin:left;delayin:2400;\">H\u00e4r \u00f6ppnar snart en ny, h\u00e4rlig inredningsbutik!<br>\nTills dess, f\u00f6lj oss g\u00e4rna p\u00e5 Instagram:<\/ls-layer><ls-layer style=\"font-family:Caveat;top:201px;left:361px;font-size:56px;\" class=\"ls-l ls-text-layer\" data-ls=\"offsetxin:left;delayin:2200;easingin:easeOutQuint;fadein:false;\">V\u00e4lkommen till Home Harmonic!<\/ls-layer><a style=\"\" class=\"ls-l\" href=\"https:\/\/www.instagram.com\/home_harmonic\/\" target=\"_self\" data-ls=\"offsetxin:right;delayin:2400;\"><ls-layer style=\"top:318px;left:842px;font-family:Caveat;color:#020d57;\" class=\"ls-text-layer\">@home_harmonic<\/ls-layer><\/a><\/div><\/div><br \/>\n<script type=\"text\/javascript\">jQuery(function() { _initLayerSlider( '#layerslider_2_mngw2beo9yo1', {createdWith: '7.9.11', sliderVersion: '7.9.11', type: 'fullwidth', allowFullscreen: true, marginTop: 0, marginBottom: 0, hideOver: 720, skin: 'v6', useSrcset: true, skinsPath: 'https:\/\/homeharmonic.se\/wp-content\/plugins\/LayerSlider\/assets\/static\/layerslider\/skins\/', performanceMode: true}); });<\/script><div id=\"layerslider_2_mngw2beo9yo1\"  class=\"ls-wp-container fitvidsignore ls-selectable\" style=\"width:720px;height:1280px;margin:0 auto;\"><div class=\"ls-slide\" ><img loading=\"lazy\" decoding=\"async\" width=\"405\" height=\"720\" src=\"https:\/\/homeharmonic.se\/wp-content\/uploads\/2024\/03\/ls-project-2-slide-1.jpg\" class=\"ls-tn\" alt=\"\" srcset=\"https:\/\/homeharmonic.se\/wp-content\/uploads\/2024\/03\/ls-project-2-slide-1.jpg 405w, https:\/\/homeharmonic.se\/wp-content\/uploads\/2024\/03\/ls-project-2-slide-1-169x300.jpg 169w\" sizes=\"(max-width: 405px) 100vw, 405px\" \/><img loading=\"lazy\" decoding=\"async\" width=\"1920\" height=\"1076\" src=\"https:\/\/homeharmonic.se\/wp-content\/uploads\/2024\/03\/HomeHarmonic_vase01_v01.jpg\" class=\"ls-l ls-img-layer\" alt=\"\" srcset=\"https:\/\/homeharmonic.se\/wp-content\/uploads\/2024\/03\/HomeHarmonic_vase01_v01.jpg 1920w, https:\/\/homeharmonic.se\/wp-content\/uploads\/2024\/03\/HomeHarmonic_vase01_v01-300x168.jpg 300w, https:\/\/homeharmonic.se\/wp-content\/uploads\/2024\/03\/HomeHarmonic_vase01_v01-1024x574.jpg 1024w, https:\/\/homeharmonic.se\/wp-content\/uploads\/2024\/03\/HomeHarmonic_vase01_v01-768x430.jpg 768w, https:\/\/homeharmonic.se\/wp-content\/uploads\/2024\/03\/HomeHarmonic_vase01_v01-1536x861.jpg 1536w, https:\/\/homeharmonic.se\/wp-content\/uploads\/2024\/03\/HomeHarmonic_vase01_v01-600x336.jpg 600w\" sizes=\"(max-width: 1920px) 100vw, 1920px\" style=\"top:0px;left:-884px;width:2291px;height:1284px;\" data-ls=\"durationin:2000;scalexin:0;\"><ls-layer style=\"font-family:Caveat;top:215px;left:52px;font-size:32px;\" class=\"ls-l ls-text-layer\" data-ls=\"offsetxin:left;delayin:2400;\">H\u00e4r \u00f6ppnar snart en ny, h\u00e4rlig inredningsbutik!<br>\nTills dess, f\u00f6lj oss g\u00e4rna p\u00e5 Instagram:<\/ls-layer><ls-layer style=\"font-family:Caveat;top:152px;left:52px;font-size:55px;font-weight:100;\" class=\"ls-l ls-text-layer\" data-ls=\"offsetxin:left;delayin:2200;easingin:easeOutQuint;fadein:false;\">V\u00e4lkommen till Home Harmonic!<\/ls-layer><a style=\"\" class=\"ls-l\" href=\"https:\/\/www.instagram.com\/home_harmonic\/\" target=\"_self\" data-ls=\"offsetxin:right;delayin:2400;\"><ls-layer style=\"top:255px;left:476px;font-family:Caveat;color:#020d57;font-size:32px;\" class=\"ls-text-layer\">@home_harmonic<\/ls-layer><\/a><\/div><\/div><\/p>\n","protected":false},"excerpt":{"rendered":"","protected":false},"author":1,"featured_media":21,"parent":0,"menu_order":0,"comment_status":"closed","ping_status":"closed","template":"layerslider-blank","meta":{"footnotes":""},"class_list":["post-19","page","type-page","status-publish","has-post-thumbnail","hentry"],"yoast_head":"<!-- This site is optimized with the Yoast SEO plugin v27.4 - https:\/\/yoast.com\/product\/yoast-seo-wordpress\/ -->\n<title>Home Harmonic<\/title>\n<meta name=\"description\" content=\"N\u00e4tbutik med inredning f\u00f6r ett h\u00e4rligt harmoniskt hem!\" \/>\n<meta name=\"robots\" content=\"index, follow, max-snippet:-1, max-image-preview:large, max-video-preview:-1\" \/>\n<link rel=\"canonical\" href=\"https:\/\/homeharmonic.se\/\" \/>\n<meta property=\"og:locale\" content=\"sv_SE\" \/>\n<meta property=\"og:type\" content=\"article\" \/>\n<meta property=\"og:title\" content=\"Home Harmonic\" \/>\n<meta property=\"og:description\" content=\"N\u00e4tbutik med inredning f\u00f6r ett h\u00e4rligt harmoniskt hem!\" \/>\n<meta property=\"og:url\" content=\"https:\/\/homeharmonic.se\/\" \/>\n<meta property=\"og:site_name\" content=\"Home Harmonic\" \/>\n<meta property=\"article:modified_time\" content=\"2024-04-17T20:50:30+00:00\" \/>\n<meta property=\"og:image\" content=\"https:\/\/homeharmonic.se\/wp-content\/uploads\/2024\/03\/HomeHarmonic_vase01_v01.jpg\" \/>\n\t<meta property=\"og:image:width\" content=\"1920\" \/>\n\t<meta property=\"og:image:height\" content=\"1076\" \/>\n\t<meta property=\"og:image:type\" content=\"image\/jpeg\" \/>\n<meta name=\"twitter:card\" content=\"summary_large_image\" \/>\n<meta name=\"twitter:label1\" content=\"Ber\u00e4knad l\u00e4stid\" \/>\n\t<meta name=\"twitter:data1\" content=\"1 minut\" \/>\n<script type=\"application\/ld+json\" class=\"yoast-schema-graph\">{\"@context\":\"https:\\\/\\\/schema.org\",\"@graph\":[{\"@type\":\"WebPage\",\"@id\":\"https:\\\/\\\/homeharmonic.se\\\/\",\"url\":\"https:\\\/\\\/homeharmonic.se\\\/\",\"name\":\"Home Harmonic\",\"isPartOf\":{\"@id\":\"https:\\\/\\\/homeharmonic.se\\\/#website\"},\"primaryImageOfPage\":{\"@id\":\"https:\\\/\\\/homeharmonic.se\\\/#primaryimage\"},\"image\":{\"@id\":\"https:\\\/\\\/homeharmonic.se\\\/#primaryimage\"},\"thumbnailUrl\":\"https:\\\/\\\/homeharmonic.se\\\/wp-content\\\/uploads\\\/2024\\\/03\\\/HomeHarmonic_vase01_v01.jpg\",\"datePublished\":\"2024-03-15T13:27:37+00:00\",\"dateModified\":\"2024-04-17T20:50:30+00:00\",\"description\":\"N\u00e4tbutik med inredning f\u00f6r ett h\u00e4rligt harmoniskt hem!\",\"breadcrumb\":{\"@id\":\"https:\\\/\\\/homeharmonic.se\\\/#breadcrumb\"},\"inLanguage\":\"sv-SE\",\"potentialAction\":[{\"@type\":\"ReadAction\",\"target\":[\"https:\\\/\\\/homeharmonic.se\\\/\"]}]},{\"@type\":\"ImageObject\",\"inLanguage\":\"sv-SE\",\"@id\":\"https:\\\/\\\/homeharmonic.se\\\/#primaryimage\",\"url\":\"https:\\\/\\\/homeharmonic.se\\\/wp-content\\\/uploads\\\/2024\\\/03\\\/HomeHarmonic_vase01_v01.jpg\",\"contentUrl\":\"https:\\\/\\\/homeharmonic.se\\\/wp-content\\\/uploads\\\/2024\\\/03\\\/HomeHarmonic_vase01_v01.jpg\",\"width\":1920,\"height\":1076},{\"@type\":\"BreadcrumbList\",\"@id\":\"https:\\\/\\\/homeharmonic.se\\\/#breadcrumb\",\"itemListElement\":[{\"@type\":\"ListItem\",\"position\":1,\"name\":\"Hem\",\"item\":\"https:\\\/\\\/homeharmonic.se\\\/\"},{\"@type\":\"ListItem\",\"position\":2,\"name\":\"Home Harmonic\"}]},{\"@type\":\"WebSite\",\"@id\":\"https:\\\/\\\/homeharmonic.se\\\/#website\",\"url\":\"https:\\\/\\\/homeharmonic.se\\\/\",\"name\":\"Home Harmonic\",\"description\":\"\",\"potentialAction\":[{\"@type\":\"SearchAction\",\"target\":{\"@type\":\"EntryPoint\",\"urlTemplate\":\"https:\\\/\\\/homeharmonic.se\\\/?s={search_term_string}\"},\"query-input\":{\"@type\":\"PropertyValueSpecification\",\"valueRequired\":true,\"valueName\":\"search_term_string\"}}],\"inLanguage\":\"sv-SE\"}]}<\/script>\n<!-- \/ Yoast SEO plugin. -->","yoast_head_json":{"title":"Home Harmonic","description":"N\u00e4tbutik med inredning f\u00f6r ett h\u00e4rligt harmoniskt hem!","robots":{"index":"index","follow":"follow","max-snippet":"max-snippet:-1","max-image-preview":"max-image-preview:large","max-video-preview":"max-video-preview:-1"},"canonical":"https:\/\/homeharmonic.se\/","og_locale":"sv_SE","og_type":"article","og_title":"Home Harmonic","og_description":"N\u00e4tbutik med inredning f\u00f6r ett h\u00e4rligt harmoniskt hem!","og_url":"https:\/\/homeharmonic.se\/","og_site_name":"Home Harmonic","article_modified_time":"2024-04-17T20:50:30+00:00","og_image":[{"width":1920,"height":1076,"url":"https:\/\/homeharmonic.se\/wp-content\/uploads\/2024\/03\/HomeHarmonic_vase01_v01.jpg","type":"image\/jpeg"}],"twitter_card":"summary_large_image","twitter_misc":{"Ber\u00e4knad l\u00e4stid":"1 minut"},"schema":{"@context":"https:\/\/schema.org","@graph":[{"@type":"WebPage","@id":"https:\/\/homeharmonic.se\/","url":"https:\/\/homeharmonic.se\/","name":"Home Harmonic","isPartOf":{"@id":"https:\/\/homeharmonic.se\/#website"},"primaryImageOfPage":{"@id":"https:\/\/homeharmonic.se\/#primaryimage"},"image":{"@id":"https:\/\/homeharmonic.se\/#primaryimage"},"thumbnailUrl":"https:\/\/homeharmonic.se\/wp-content\/uploads\/2024\/03\/HomeHarmonic_vase01_v01.jpg","datePublished":"2024-03-15T13:27:37+00:00","dateModified":"2024-04-17T20:50:30+00:00","description":"N\u00e4tbutik med inredning f\u00f6r ett h\u00e4rligt harmoniskt hem!","breadcrumb":{"@id":"https:\/\/homeharmonic.se\/#breadcrumb"},"inLanguage":"sv-SE","potentialAction":[{"@type":"ReadAction","target":["https:\/\/homeharmonic.se\/"]}]},{"@type":"ImageObject","inLanguage":"sv-SE","@id":"https:\/\/homeharmonic.se\/#primaryimage","url":"https:\/\/homeharmonic.se\/wp-content\/uploads\/2024\/03\/HomeHarmonic_vase01_v01.jpg","contentUrl":"https:\/\/homeharmonic.se\/wp-content\/uploads\/2024\/03\/HomeHarmonic_vase01_v01.jpg","width":1920,"height":1076},{"@type":"BreadcrumbList","@id":"https:\/\/homeharmonic.se\/#breadcrumb","itemListElement":[{"@type":"ListItem","position":1,"name":"Hem","item":"https:\/\/homeharmonic.se\/"},{"@type":"ListItem","position":2,"name":"Home Harmonic"}]},{"@type":"WebSite","@id":"https:\/\/homeharmonic.se\/#website","url":"https:\/\/homeharmonic.se\/","name":"Home Harmonic","description":"","potentialAction":[{"@type":"SearchAction","target":{"@type":"EntryPoint","urlTemplate":"https:\/\/homeharmonic.se\/?s={search_term_string}"},"query-input":{"@type":"PropertyValueSpecification","valueRequired":true,"valueName":"search_term_string"}}],"inLanguage":"sv-SE"}]}},"_links":{"self":[{"href":"https:\/\/homeharmonic.se\/index.php\/wp-json\/wp\/v2\/pages\/19","targetHints":{"allow":["GET"]}}],"collection":[{"href":"https:\/\/homeharmonic.se\/index.php\/wp-json\/wp\/v2\/pages"}],"about":[{"href":"https:\/\/homeharmonic.se\/index.php\/wp-json\/wp\/v2\/types\/page"}],"author":[{"embeddable":true,"href":"https:\/\/homeharmonic.se\/index.php\/wp-json\/wp\/v2\/users\/1"}],"replies":[{"embeddable":true,"href":"https:\/\/homeharmonic.se\/index.php\/wp-json\/wp\/v2\/comments?post=19"}],"version-history":[{"count":3,"href":"https:\/\/homeharmonic.se\/index.php\/wp-json\/wp\/v2\/pages\/19\/revisions"}],"predecessor-version":[{"id":31,"href":"https:\/\/homeharmonic.se\/index.php\/wp-json\/wp\/v2\/pages\/19\/revisions\/31"}],"wp:featuredmedia":[{"embeddable":true,"href":"https:\/\/homeharmonic.se\/index.php\/wp-json\/wp\/v2\/media\/21"}],"wp:attachment":[{"href":"https:\/\/homeharmonic.se\/index.php\/wp-json\/wp\/v2\/media?parent=19"}],"curies":[{"name":"wp","href":"https:\/\/api.w.org\/{rel}","templated":true}]}}